{"id":185,"date":"2010-10-01T16:43:23","date_gmt":"2010-10-01T16:43:23","guid":{"rendered":"http:\/\/pleyar.home.pl\/autoinstalator\/wordpress1\/?page_id=185"},"modified":"2010-10-27T00:08:32","modified_gmt":"2010-10-27T00:08:32","slug":"system-aseptim","status":"publish","type":"page","link":"http:\/\/pleyar.home.pl\/autoinstalator\/wordpress1\/?page_id=185","title":{"rendered":"System ASEPTIM"},"content":{"rendered":"<p style=\"text-align: justify;\">System ASEPTIM &#8211; metoda P.A.D. (Photo-Activated Oral Desinfection) umo\u017cliwia bezbolesn\u0105, nieinwazyjn\u0105 i skuteczn\u0105, g\u0142\u0119bok\u0105 dezynfekcj\u0119 tkanek twardych z\u0119ba (eliminacja 99,9% bakterii) z u\u017cyciem \u015bwiat\u0142a lasera i specjalnego roztworu Aseptim.\u00a0 <strong><span style=\"color: #ffcc00;\"> <\/span><br \/>\n<\/strong><\/p>\n<p>Stosowany w:<\/p>\n<ul>\n<li> leczeniu wczesnych zmian pr\u00f3chnicowych<\/li>\n<li>dezynfekcji tkanek przed za\u0142o\u017ceniem wype\u0142nie\u0144, co zabezpiecza przed pr\u00f3chnic\u0105 wt\u00f3rn\u0105<\/li>\n<li>skutecznej dezynfekcji kana\u0142\u00f3w korzeniowych podczas leczenia endodontycznego<\/li>\n<\/ul>\n<p><strong>Obecnie najskuteczniejsze wed\u0142ug bada\u0144 urz\u0105dzenie dezynfekuj\u0105ce w stomatologii <span style=\"color: #ff9900;\"><em>jest tak\u017ce dla Ciebie.<\/em><\/span><\/strong><\/p>\n","protected":false},"excerpt":{"rendered":"<p>System ASEPTIM &#8211; metoda P.A.D. (Photo-Activated Oral Desinfection) umo\u017cliwia bezbolesn\u0105, nieinwazyjn\u0105 i skuteczn\u0105, g\u0142\u0119bok\u0105 dezynfekcj\u0119 tkanek twardych z\u0119ba (eliminacja 99,9% bakterii) z u\u017cyciem \u015bwiat\u0142a lasera i specjalnego roztworu Aseptim.\u00a0 Stosowany w: leczeniu wczesnych zmian pr\u00f3chnicowych dezynfekcji tkanek przed za\u0142o\u017ceniem wype\u0142nie\u0144, co zabezpiecza przed pr\u00f3chnic\u0105 wt\u00f3rn\u0105 skutecznej dezynfekcji kana\u0142\u00f3w korzeniowych podczas leczenia endodontycznego Obecnie najskuteczniejsze wed\u0142ug [&hellip;]<\/p>\n","protected":false},"author":1,"featured_media":0,"parent":169,"menu_order":3,"comment_status":"closed","ping_status":"closed","template":"","meta":{"footnotes":""},"class_list":["post-185","page","type-page","status-publish","hentry"],"_links":{"self":[{"href":"http:\/\/pleyar.home.pl\/autoinstalator\/wordpress1\/index.php?rest_route=\/wp\/v2\/pages\/185","targetHints":{"allow":["GET"]}}],"collection":[{"href":"http:\/\/pleyar.home.pl\/autoinstalator\/wordpress1\/index.php?rest_route=\/wp\/v2\/pages"}],"about":[{"href":"http:\/\/pleyar.home.pl\/autoinstalator\/wordpress1\/index.php?rest_route=\/wp\/v2\/types\/page"}],"author":[{"embeddable":true,"href":"http:\/\/pleyar.home.pl\/autoinstalator\/wordpress1\/index.php?rest_route=\/wp\/v2\/users\/1"}],"replies":[{"embeddable":true,"href":"http:\/\/pleyar.home.pl\/autoinstalator\/wordpress1\/index.php?rest_route=%2Fwp%2Fv2%2Fcomments&post=185"}],"version-history":[{"count":11,"href":"http:\/\/pleyar.home.pl\/autoinstalator\/wordpress1\/index.php?rest_route=\/wp\/v2\/pages\/185\/revisions"}],"predecessor-version":[{"id":231,"href":"http:\/\/pleyar.home.pl\/autoinstalator\/wordpress1\/index.php?rest_route=\/wp\/v2\/pages\/185\/revisions\/231"}],"up":[{"embeddable":true,"href":"http:\/\/pleyar.home.pl\/autoinstalator\/wordpress1\/index.php?rest_route=\/wp\/v2\/pages\/169"}],"wp:attachment":[{"href":"http:\/\/pleyar.home.pl\/autoinstalator\/wordpress1\/index.php?rest_route=%2Fwp%2Fv2%2Fmedia&parent=185"}],"curies":[{"name":"wp","href":"https:\/\/api.w.org\/{rel}","templated":true}]}}